{"id":14,"date":"2019-08-25T16:56:47","date_gmt":"2019-08-25T16:56:47","guid":{"rendered":"https:\/\/polzius.de\/?page_id=14"},"modified":"2022-06-19T07:17:01","modified_gmt":"2022-06-19T05:17:01","slug":"impressum","status":"publish","type":"page","link":"https:\/\/polzius.de\/index.php\/impressum\/","title":{"rendered":"Impressum"},"content":{"rendered":"\n<p>Inhaltlich Verantwortlicher:<\/p>\n\n\n\n<p>Frank Polzius<br>Franz-Vaahsen-Weg 3<br>D-40489 D\u00fcsseldorf<\/p>\n\n\n\n<p>Datenschutzerkl\u00e4rung:<\/p>\n\n\n\n<p>Diese Internetseite erfasst mit jedem Aufruf der Internetseite durch eine betroffene Person oder ein automatisiertes System eine Reihe von allgemeinen Daten und Informationen. Diese allgemeinen Daten und Informationen werden in den Logfiles des Servers gespeichert. Erfasst werden k\u00f6nnen die<br>&#8211; verwendeten Browsertypen und Versionen,<br>&#8211; das vom zugreifenden System verwendete Betriebssystem,<br>&#8211; die Internetseite, von welcher ein zugreifendes System auf unsere Internetseite gelangt (sogenannte Referrer),<br>&#8211; die Unterwebseiten, welche \u00fcber ein zugreifendes System auf unserer Internetseite angesteuert werden,<br>&#8211; das Datum und die Uhrzeit eines Zugriffs auf die Internetseite,<br>&#8211; eine Internet-Protokoll-Adresse (IP-Adresse),<br>&#8211; der Internet-Service-Provider des zugreifenden Systems und<br>&#8211; sonstige \u00e4hnliche Daten und Informationen, die der Gefahrenabwehr im Falle von Angriffen auf die informationstechnologischen Systeme dienen.<\/p>\n\n\n\n<p>Bei der Nutzung dieser allgemeinen Daten und Informationen werden keine R\u00fcckschl\u00fcsse auf die betroffene Person gezogen. Diese Informationen werden vielmehr ben\u00f6tigt, um<br>&#8211; die Inhalte der Internetseite korrekt auszuliefern,<br>&#8211; die Inhalte der Internetseite sowie die Werbung f\u00fcr diese zu optimieren,<br>&#8211; die dauerhafte Funktionsf\u00e4higkeit der informationstechnologischen Systeme und der Technik der Internetseite zu gew\u00e4hrleisten sowie<br>&#8211; um Strafverfolgungsbeh\u00f6rden im Falle eines Cyberangriffes die zur Strafverfolgung notwendigen Informationen bereitzustellen. Diese anonym erhobenen Daten werden \u00fcber einen Zeitraum von 2 Wochen gespeichert und anschlie\u00dfend automatisiert gel\u00f6scht. <\/p>\n","protected":false},"excerpt":{"rendered":"<p>Inhaltlich Verantwortlicher: Frank PolziusFranz-Vaahsen-Weg 3D-40489 D\u00fcsseldorf Datenschutzerkl\u00e4rung: Diese Internetseite erfasst mit jedem Aufruf der Internetseite durch eine betroffene Person oder ein automatisiertes System eine Reihe von allgemeinen Daten und Informationen. Diese allgemeinen Daten und Informationen werden in den Logfiles des Servers gespeichert. Erfasst werden k\u00f6nnen die&#8211; verwendeten Browsertypen und Versionen,&#8211; das vom zugreifenden System verwendete &hellip; <\/p>\n<p class=\"link-more\"><a href=\"https:\/\/polzius.de\/index.php\/impressum\/\" class=\"more-link\"><span class=\"screen-reader-text\">\u201eImpressum\u201c <\/span>weiterlesen<\/a><\/p>\n","protected":false},"author":1,"featured_media":0,"parent":0,"menu_order":0,"comment_status":"closed","ping_status":"closed","template":"","meta":{"footnotes":""},"class_list":["post-14","page","type-page","status-publish","hentry"],"_links":{"self":[{"href":"https:\/\/polzius.de\/index.php\/wp-json\/wp\/v2\/pages\/14","targetHints":{"allow":["GET"]}}],"collection":[{"href":"https:\/\/polzius.de\/index.php\/wp-json\/wp\/v2\/pages"}],"about":[{"href":"https:\/\/polzius.de\/index.php\/wp-json\/wp\/v2\/types\/page"}],"author":[{"embeddable":true,"href":"https:\/\/polzius.de\/index.php\/wp-json\/wp\/v2\/users\/1"}],"replies":[{"embeddable":true,"href":"https:\/\/polzius.de\/index.php\/wp-json\/wp\/v2\/comments?post=14"}],"version-history":[{"count":5,"href":"https:\/\/polzius.de\/index.php\/wp-json\/wp\/v2\/pages\/14\/revisions"}],"predecessor-version":[{"id":66,"href":"https:\/\/polzius.de\/index.php\/wp-json\/wp\/v2\/pages\/14\/revisions\/66"}],"wp:attachment":[{"href":"https:\/\/polzius.de\/index.php\/wp-json\/wp\/v2\/media?parent=14"}],"curies":[{"name":"wp","href":"https:\/\/api.w.org\/{rel}","templated":true}]}}