{"id":8,"date":"2019-08-25T16:56:47","date_gmt":"2019-08-25T16:56:47","guid":{"rendered":"https:\/\/polzius.de\/?page_id=8"},"modified":"2019-08-27T09:42:40","modified_gmt":"2019-08-27T07:42:40","slug":"startseite","status":"publish","type":"page","link":"https:\/\/polzius.de\/","title":{"rendered":"Startseite"},"content":{"rendered":"<p>Willkommen auf meiner Website!<\/p>\n<p>Suchen Sie einen versierten und zuverl\u00e4ssigen Partner f\u00fcr Ihre Software? Dann sind Sie bei mir richtig.<\/p>\n<p>Bei mir steht die Qualit\u00e4t bei der L\u00f6sung Ihrer Aufgaben und Anforderungen an erster Stelle.<\/p>\n<p>Sowohl die Umsetzung in Form von Auftragsarbeiten, als auch die Besch\u00e4ftigung als freier Mitarbeiter in Ihren Projekten und Teams sind m\u00f6glich.<\/p>\n","protected":false},"excerpt":{"rendered":"<p>Willkommen auf meiner Website! Suchen Sie einen versierten und zuverl\u00e4ssigen Partner f\u00fcr Ihre Software? Dann sind Sie bei mir richtig. Bei mir steht die Qualit\u00e4t bei der L\u00f6sung Ihrer Aufgaben und Anforderungen an erster Stelle. Sowohl die Umsetzung in Form von Auftragsarbeiten, als auch die Besch\u00e4ftigung als freier Mitarbeiter in Ihren Projekten und Teams sind &hellip; <\/p>\n<p class=\"link-more\"><a href=\"https:\/\/polzius.de\/\" class=\"more-link\"><span class=\"screen-reader-text\">\u201eStartseite\u201c <\/span>weiterlesen<\/a><\/p>\n","protected":false},"author":1,"featured_media":0,"parent":0,"menu_order":0,"comment_status":"closed","ping_status":"closed","template":"","meta":{"footnotes":""},"class_list":["post-8","page","type-page","status-publish","hentry"],"_links":{"self":[{"href":"https:\/\/polzius.de\/index.php\/wp-json\/wp\/v2\/pages\/8","targetHints":{"allow":["GET"]}}],"collection":[{"href":"https:\/\/polzius.de\/index.php\/wp-json\/wp\/v2\/pages"}],"about":[{"href":"https:\/\/polzius.de\/index.php\/wp-json\/wp\/v2\/types\/page"}],"author":[{"embeddable":true,"href":"https:\/\/polzius.de\/index.php\/wp-json\/wp\/v2\/users\/1"}],"replies":[{"embeddable":true,"href":"https:\/\/polzius.de\/index.php\/wp-json\/wp\/v2\/comments?post=8"}],"version-history":[{"count":4,"href":"https:\/\/polzius.de\/index.php\/wp-json\/wp\/v2\/pages\/8\/revisions"}],"predecessor-version":[{"id":61,"href":"https:\/\/polzius.de\/index.php\/wp-json\/wp\/v2\/pages\/8\/revisions\/61"}],"wp:attachment":[{"href":"https:\/\/polzius.de\/index.php\/wp-json\/wp\/v2\/media?parent=8"}],"curies":[{"name":"wp","href":"https:\/\/api.w.org\/{rel}","templated":true}]}}