{"id":9,"date":"2019-08-25T16:56:47","date_gmt":"2019-08-25T16:56:47","guid":{"rendered":"https:\/\/polzius.de\/?page_id=9"},"modified":"2019-08-27T18:37:01","modified_gmt":"2019-08-27T16:37:01","slug":"ueber-mich","status":"publish","type":"page","link":"https:\/\/polzius.de\/index.php\/ueber-mich\/","title":{"rendered":"\u00dcber mich"},"content":{"rendered":"\n<div class=\"wp-block-image\"><figure class=\"alignright is-resized\"><img loading=\"lazy\" decoding=\"async\" src=\"https:\/\/polzius.de\/wp-content\/uploads\/2019\/08\/Frank-Polzius-789x1024.jpg\" alt=\"\" class=\"wp-image-58\" width=\"133\" height=\"172\" srcset=\"https:\/\/polzius.de\/wp-content\/uploads\/2019\/08\/Frank-Polzius-789x1024.jpg 789w, https:\/\/polzius.de\/wp-content\/uploads\/2019\/08\/Frank-Polzius-231x300.jpg 231w, https:\/\/polzius.de\/wp-content\/uploads\/2019\/08\/Frank-Polzius-768x997.jpg 768w, https:\/\/polzius.de\/wp-content\/uploads\/2019\/08\/Frank-Polzius.jpg 1497w\" sizes=\"auto, (max-width: 133px) 100vw, 133px\" \/><\/figure><\/div>\n\n\n\n<p>Jahrgang 1965 bin ich mit den ersten Personal Computern gro\u00df geworden. <\/p>\n\n\n\n<p>Bereits in der Schule hat mich die Leidenschaft f\u00fcr die Softwareentwicklung gepackt. Die erste Programmiersprache, die ich lernen durfte, war Pascal auf einem Apple-II\u00ae Computer.<\/p>\n\n\n\n<p>Der erste eigene PC wurde in Pascal, Modula-2 und C programmiert.<\/p>\n\n\n\n<p>W\u00e4hrend des Physik-Studiums konnte ich diese Kenntnisse anwenden und vertiefen.<\/p>\n\n\n\n<p>Mit der wachsenden Popularit\u00e4t von Microsoft Windows\u00ae kamen Visual C++\u00ae und sp\u00e4ter Visual C#\u00ae hinzu.<\/p>\n\n\n\n<p>Computerprogramme verarbeiten Daten. Werden diese Datenmengen gr\u00f6\u00dfer, ist der Einsatz einer Datenbank unumg\u00e4nglich. Hier bin ich auf Microsoft SQL-Server\u00ae und MySQL\u00ae Systemen zu Hause.<\/p>\n\n\n\n<p><\/p>\n","protected":false},"excerpt":{"rendered":"<p>Jahrgang 1965 bin ich mit den ersten Personal Computern gro\u00df geworden. Bereits in der Schule hat mich die Leidenschaft f\u00fcr die Softwareentwicklung gepackt. Die erste Programmiersprache, die ich lernen durfte, war Pascal auf einem Apple-II\u00ae Computer. Der erste eigene PC wurde in Pascal, Modula-2 und C programmiert. W\u00e4hrend des Physik-Studiums konnte ich diese Kenntnisse anwenden &hellip; <\/p>\n<p class=\"link-more\"><a href=\"https:\/\/polzius.de\/index.php\/ueber-mich\/\" class=\"more-link\"><span class=\"screen-reader-text\">\u201e\u00dcber mich\u201c <\/span>weiterlesen<\/a><\/p>\n","protected":false},"author":1,"featured_media":0,"parent":0,"menu_order":0,"comment_status":"closed","ping_status":"closed","template":"","meta":{"footnotes":""},"class_list":["post-9","page","type-page","status-publish","hentry"],"_links":{"self":[{"href":"https:\/\/polzius.de\/index.php\/wp-json\/wp\/v2\/pages\/9","targetHints":{"allow":["GET"]}}],"collection":[{"href":"https:\/\/polzius.de\/index.php\/wp-json\/wp\/v2\/pages"}],"about":[{"href":"https:\/\/polzius.de\/index.php\/wp-json\/wp\/v2\/types\/page"}],"author":[{"embeddable":true,"href":"https:\/\/polzius.de\/index.php\/wp-json\/wp\/v2\/users\/1"}],"replies":[{"embeddable":true,"href":"https:\/\/polzius.de\/index.php\/wp-json\/wp\/v2\/comments?post=9"}],"version-history":[{"count":5,"href":"https:\/\/polzius.de\/index.php\/wp-json\/wp\/v2\/pages\/9\/revisions"}],"predecessor-version":[{"id":63,"href":"https:\/\/polzius.de\/index.php\/wp-json\/wp\/v2\/pages\/9\/revisions\/63"}],"wp:attachment":[{"href":"https:\/\/polzius.de\/index.php\/wp-json\/wp\/v2\/media?parent=9"}],"curies":[{"name":"wp","href":"https:\/\/api.w.org\/{rel}","templated":true}]}}